{"id":47,"date":"2021-05-04T10:32:22","date_gmt":"2021-05-04T10:32:22","guid":{"rendered":"https:\/\/themes.muffingroup.com\/be\/event6_el\/?page_id=47"},"modified":"2021-11-30T18:06:08","modified_gmt":"2021-11-30T15:06:08","slug":"neden-pet","status":"publish","type":"page","link":"https:\/\/formpet.com.tr\/en\/neden-pet\/","title":{"rendered":"WHY PET?"},"content":{"rendered":"<div data-elementor-type=\"wp-page\" data-elementor-id=\"47\" class=\"elementor elementor-47\" data-elementor-settings=\"[]\">\n\t\t\t\t\t\t\t<div class=\"elementor-section-wrap\">\n\t\t\t\t\t\t\t<section class=\"elementor-section elementor-top-section elementor-element elementor-element-9108924 elementor-section-stretched elementor-section-boxed elementor-section-height-default elementor-section-height-default\" data-id=\"9108924\" data-element_type=\"section\" data-settings=\"{&quot;stretch_section&quot;:&quot;section-stretched&quot;,&quot;background_background&quot;:&quot;classic&quot;}\">\n\t\t\t\t\t\t<div class=\"elementor-container elementor-column-gap-wider\">\n\t\t\t\t\t<div class=\"elementor-column elementor-col-100 elementor-top-column elementor-element elementor-element-b601f65\" data-id=\"b601f65\" data-element_type=\"column\">\n\t\t\t<div class=\"elementor-widget-wrap\">\n\t\t\t\t\t\t\t\t\t<\/div>\n\t\t<\/div>\n\t\t\t\t\t\t\t<\/div>\n\t\t<\/section>\n\t\t\t\t<section class=\"elementor-section elementor-top-section elementor-element elementor-element-33fcb03 elementor-section-boxed elementor-section-height-default elementor-section-height-default elementor-invisible\" data-id=\"33fcb03\" data-element_type=\"section\" data-settings=\"{&quot;background_background&quot;:&quot;classic&quot;,&quot;animation&quot;:&quot;zoomIn&quot;}\">\n\t\t\t\t\t\t<div class=\"elementor-container elementor-column-gap-default\">\n\t\t\t\t\t<div class=\"elementor-column elementor-col-100 elementor-top-column elementor-element elementor-element-d14aab7\" data-id=\"d14aab7\" data-element_type=\"column\">\n\t\t\t<div class=\"elementor-widget-wrap elementor-element-populated\">\n\t\t\t\t\t\t\t\t<section class=\"elementor-section elementor-inner-section elementor-element elementor-element-df64b67 elementor-section-boxed elementor-section-height-default elementor-section-height-default\" data-id=\"df64b67\" data-element_type=\"section\">\n\t\t\t\t\t\t<div class=\"elementor-container elementor-column-gap-default\">\n\t\t\t\t\t<div class=\"elementor-column elementor-col-50 elementor-inner-column elementor-element elementor-element-5edb30a\" data-id=\"5edb30a\" data-element_type=\"column\">\n\t\t\t<div class=\"elementor-widget-wrap elementor-element-populated\">\n\t\t\t\t\t\t\t\t<div class=\"elementor-element elementor-element-ad28525 elementor-widget elementor-widget-text-editor\" data-id=\"ad28525\" data-element_type=\"widget\" data-widget_type=\"text-editor.default\">\n\t\t\t\t<div class=\"elementor-widget-container\">\n\t\t\t\t\t\t\t<p>WHY PET?<\/p>\t\t\t\t\t\t<\/div>\n\t\t\t\t<\/div>\n\t\t\t\t<div class=\"elementor-element elementor-element-63e3e52 elementor-widget elementor-widget-text-editor\" data-id=\"63e3e52\" data-element_type=\"widget\" data-widget_type=\"text-editor.default\">\n\t\t\t\t<div class=\"elementor-widget-container\">\n\t\t\t\t\t\t\t<ul><li>It is the healthiest product after glass.<\/li><li>It is perfectly transparent.<\/li><li>Takes shape easily<\/li><li>It has optimum impact resistance<\/li><li>It is the most suitable product for thermoforming applications.<\/li><li>It is the easiest plastic material to recycle.<\/li><\/ul>\t\t\t\t\t\t<\/div>\n\t\t\t\t<\/div>\n\t\t\t\t<div class=\"elementor-element elementor-element-3d8807e elementor-widget elementor-widget-text-editor\" data-id=\"3d8807e\" data-element_type=\"widget\" data-widget_type=\"text-editor.default\">\n\t\t\t\t<div class=\"elementor-widget-container\">\n\t\t\t\t\t\t\t\t\t\t\t\t\t<\/div>\n\t\t\t\t<\/div>\n\t\t\t\t\t<\/div>\n\t\t<\/div>\n\t\t\t\t<div class=\"elementor-column elementor-col-50 elementor-inner-column elementor-element elementor-element-ae1a1be\" data-id=\"ae1a1be\" data-element_type=\"column\" data-settings=\"{&quot;background_background&quot;:&quot;classic&quot;}\">\n\t\t\t<div class=\"elementor-widget-wrap\">\n\t\t\t\t\t\t\t\t\t<\/div>\n\t\t<\/div>\n\t\t\t\t\t\t\t<\/div>\n\t\t<\/section>\n\t\t\t\t\t<\/div>\n\t\t<\/div>\n\t\t\t\t\t\t\t<\/div>\n\t\t<\/section>\n\t\t\t\t\t\t<\/div>\n\t\t\t\t\t<\/div>","protected":false},"excerpt":{"rendered":"<p>NEDEN PET ? Camdan sonra en sa\u011fl\u0131kl\u0131 \u00fcr\u00fcnd\u00fcr. M\u00fckemmel \u015feffafl\u0131ktad\u0131r. Kolay \u015fekil al\u0131r Optimum darbe dayan\u0131m\u0131 vard\u0131r Termoform uygulamalar\u0131na en uygun \u00fcr\u00fcnd\u00fcr Geri d\u00f6n\u00fc\u015f\u00fcm\u00fc en kolay<span class=\"excerpt-hellip\"> [\u2026]<\/span><\/p>","protected":false},"author":1,"featured_media":0,"parent":0,"menu_order":0,"comment_status":"closed","ping_status":"closed","template":"","meta":[],"_links":{"self":[{"href":"https:\/\/formpet.com.tr\/en\/wp-json\/wp\/v2\/pages\/47"}],"collection":[{"href":"https:\/\/formpet.com.tr\/en\/wp-json\/wp\/v2\/pages"}],"about":[{"href":"https:\/\/formpet.com.tr\/en\/wp-json\/wp\/v2\/types\/page"}],"author":[{"embeddable":true,"href":"https:\/\/formpet.com.tr\/en\/wp-json\/wp\/v2\/users\/1"}],"replies":[{"embeddable":true,"href":"https:\/\/formpet.com.tr\/en\/wp-json\/wp\/v2\/comments?post=47"}],"version-history":[{"count":38,"href":"https:\/\/formpet.com.tr\/en\/wp-json\/wp\/v2\/pages\/47\/revisions"}],"predecessor-version":[{"id":749,"href":"https:\/\/formpet.com.tr\/en\/wp-json\/wp\/v2\/pages\/47\/revisions\/749"}],"wp:attachment":[{"href":"https:\/\/formpet.com.tr\/en\/wp-json\/wp\/v2\/media?parent=47"}],"curies":[{"name":"wp","href":"https:\/\/api.w.org\/{rel}","templated":true}]}}